{"id":45,"date":"2023-03-02T15:09:41","date_gmt":"2023-03-02T15:09:41","guid":{"rendered":"https:\/\/service-secretary.de\/?page_id=45"},"modified":"2024-08-01T08:43:16","modified_gmt":"2024-08-01T08:43:16","slug":"projektsteckbrief","status":"publish","type":"page","link":"https:\/\/service-secretary.de\/","title":{"rendered":"\u00dcber das Projekt"},"content":{"rendered":"\n<p>Im Forschungsprojekt ServiceSecretary wird ein KI-getriebenes Assistenzsystem entwickelt, das auf drei wesentliche Schritte im Serviceprozess abzielt: Die m\u00f6glichst einfache Erfassung und Strukturierung von Wissen w\u00e4hrend der Reparatur und Diagnose, die darauf aufbauende Erzeugung von Diagnose- und Reparaturleitf\u00e4den \u2013 insbesondere f\u00fcr h\u00e4ufig wiederkehrende St\u00f6rungen \u2013 sowie die bedarfsgerechte Bereitstellung dieser Leitf\u00e4den f\u00fcr Fachkr\u00e4fte und Anwendende.<\/p>\n\n\n\n<h2 class=\"wp-block-heading\">Video<\/h2>\n\n\n\n<figure class=\"wp-block-embed is-type-video is-provider-vimeo wp-block-embed-vimeo wp-embed-aspect-16-9 wp-has-aspect-ratio\"><div class=\"wp-block-embed__wrapper\">\n<iframe loading=\"lazy\" src=\"https:\/\/player.vimeo.com\/video\/981127899?dnt=1&amp;app_id=122963\" width=\"648\" height=\"365\" frameborder=\"0\" allow=\"autoplay; fullscreen; picture-in-picture; clipboard-write; encrypted-media\"><\/iframe>\n<\/div><figcaption class=\"wp-element-caption\">ServiceSecretary &#8211; Einblick in ein Forschungsprojekt &#8211; Pr\u00e4sentiert von ITA e.V.<\/figcaption><\/figure>\n","protected":false},"excerpt":{"rendered":"<p>Im Forschungsprojekt ServiceSecretary wird ein KI-getriebenes Assistenzsystem entwickelt, das auf drei wesentliche Schritte im Serviceprozess abzielt: Die m\u00f6glichst einfache Erfassung und Strukturierung von Wissen w\u00e4hrend der Reparatur und Diagnose, die darauf aufbauende Erzeugung von Diagnose- und Reparaturleitf\u00e4den \u2013 insbesondere f\u00fcr h\u00e4ufig wiederkehrende St\u00f6rungen \u2013 sowie die bedarfsgerechte Bereitstellung dieser Leitf\u00e4den f\u00fcr Fachkr\u00e4fte und Anwendende. Video<\/p>\n","protected":false},"author":2,"featured_media":0,"parent":0,"menu_order":0,"comment_status":"closed","ping_status":"closed","template":"","meta":{"footnotes":""},"class_list":["post-45","page","type-page","status-publish","hentry"],"_links":{"self":[{"href":"https:\/\/service-secretary.de\/index.php?rest_route=\/wp\/v2\/pages\/45","targetHints":{"allow":["GET"]}}],"collection":[{"href":"https:\/\/service-secretary.de\/index.php?rest_route=\/wp\/v2\/pages"}],"about":[{"href":"https:\/\/service-secretary.de\/index.php?rest_route=\/wp\/v2\/types\/page"}],"author":[{"embeddable":true,"href":"https:\/\/service-secretary.de\/index.php?rest_route=\/wp\/v2\/users\/2"}],"replies":[{"embeddable":true,"href":"https:\/\/service-secretary.de\/index.php?rest_route=%2Fwp%2Fv2%2Fcomments&post=45"}],"version-history":[{"count":6,"href":"https:\/\/service-secretary.de\/index.php?rest_route=\/wp\/v2\/pages\/45\/revisions"}],"predecessor-version":[{"id":216,"href":"https:\/\/service-secretary.de\/index.php?rest_route=\/wp\/v2\/pages\/45\/revisions\/216"}],"wp:attachment":[{"href":"https:\/\/service-secretary.de\/index.php?rest_route=%2Fwp%2Fv2%2Fmedia&parent=45"}],"curies":[{"name":"wp","href":"https:\/\/api.w.org\/{rel}","templated":true}]}}